{"id":1006,"date":"2026-03-10T15:11:41","date_gmt":"2026-03-10T15:11:41","guid":{"rendered":"https:\/\/sindepor.org\/?page_id=1006"},"modified":"2026-03-16T20:21:55","modified_gmt":"2026-03-16T20:21:55","slug":"recuperacao-de-e-mails","status":"publish","type":"page","link":"https:\/\/sindepor.org\/?page_id=1006","title":{"rendered":"Recupera\u00e7\u00e3o de E-mails"},"content":{"rendered":"\t\t<div data-elementor-type=\"wp-page\" data-elementor-id=\"1006\" class=\"elementor elementor-1006\" data-elementor-post-type=\"page\">\n\t\t\t\t<div class=\"elementor-element elementor-element-695a533b e-flex e-con-boxed e-con e-parent\" data-id=\"695a533b\" data-element_type=\"container\" data-e-type=\"container\">\n\t\t\t\t\t<div class=\"e-con-inner\">\n\t\t\t\t<div class=\"elementor-element elementor-element-684d43c5 elementor-widget elementor-widget-heading\" data-id=\"684d43c5\" data-element_type=\"widget\" data-e-type=\"widget\" data-widget_type=\"heading.default\">\n\t\t\t\t\t<h1 class=\"elementor-heading-title elementor-size-default\">Recupera\u00e7\u00e3o de E-mails<\/h1>\t\t\t\t<\/div>\n\t\t\t\t<div class=\"elementor-element elementor-element-d04ff20 elementor-widget elementor-widget-text-editor\" data-id=\"d04ff20\" data-element_type=\"widget\" data-e-type=\"widget\" data-widget_type=\"text-editor.default\">\n\t\t\t\t\t\t\t\t\t<div class=\"mc_custom_border_hdr\">Registe-se na lista de emails do SINDEPOR.<\/div><div id=\"mc_signup\"><form id=\"mc_signup_form\" class=\"mc_signup_form\" action=\"https:\/\/web.archive.org\/web\/20251213134834\/https:\/\/sindepor.website\/ficha-de-inscricao-2\/#mc_signup\" method=\"post\"><div id=\"mc_subheader\">O SINDEPOR envia com frequ\u00eancia alguma informa\u00e7\u00e3o \u00fatil relacionada com a Carreira de Enfermagem.<br \/>Junte-se a esta lista para receber estas mensagens.<\/div><\/form><\/div>\t\t\t\t\t\t\t\t<\/div>\n\t\t\t\t\t<\/div>\n\t\t\t\t<\/div>\n\t\t<div class=\"elementor-element elementor-element-120e33b7 e-flex e-con-boxed e-con e-parent\" data-id=\"120e33b7\" data-element_type=\"container\" data-e-type=\"container\">\n\t\t\t\t\t<div class=\"e-con-inner\">\n\t\t\t\t<div class=\"elementor-element elementor-element-361f7b1 elementor-widget__width-inherit elementor-widget elementor-widget-wp-widget-mailchimp_sf_widget\" data-id=\"361f7b1\" data-element_type=\"widget\" data-e-type=\"widget\" data-widget_type=\"wp-widget-mailchimp_sf_widget.default\">\n\t\t\t\t<div class=\"elementor-widget-container\">\n\t\t\t\t\t<div class=\"mc_container\"><h5>Sign up for Socios do SINDEPOR<\/h5>\n<div id=\"mc_signup_94c7aa4dd0_1\">\n\t<form method=\"post\" action=\"#mc_signup_94c7aa4dd0_1\" id=\"mc_signup_form_94c7aa4dd0_1\" class=\"mc_signup_form\">\n\t\t<input type=\"hidden\" class=\"mc_submit_type\" name=\"mc_submit_type\" value=\"html\" \/>\n\t\t<input type=\"hidden\" name=\"mcsf_action\" value=\"mc_submit_signup_form\" \/>\n\t\t<input type=\"hidden\" id=\"_mc_submit_signup_form_nonce\" name=\"_mc_submit_signup_form_nonce\" value=\"85ccb047c0\" \/>\n\t\n\t<div class=\"mc_form_inside\">\n\n\t\t<div class=\"mc_message_wrapper\">\n\t\t\t\t\t<\/div><!-- \/mc_message_wrapper -->\n\n\t\t\n<div class=\"mc_merge_var\">\n\t\t<label for=\"mc_mv_EMAIL_2\" class=\"mc_var_label mc_header mc_header_email\">Email Address<span class=\"mc_required\">*<\/span><\/label>\n\t<input type=\"text\" size=\"18\" placeholder=\"\" name=\"mc_mv_EMAIL\" id=\"mc_mv_EMAIL_2\" class=\"mc_input\"\/>\n<\/div><!-- \/mc_merge_var -->\n<div class=\"mc_merge_var\">\n\t\t<label for=\"mc_mv_NOME_FLAT_4\" class=\"mc_var_label mc_header mc_header_text\">Nome Flat (em mai\u00fasculas, sem acentos)<span class=\"mc_required\">*<\/span><\/label>\n\t<input type=\"text\" size=\"18\" placeholder=\"\" name=\"mc_mv_NOME_FLAT\" id=\"mc_mv_NOME_FLAT_4\" class=\"mc_input\"\/>\n<\/div><!-- \/mc_merge_var -->\n<div class=\"mc_merge_var\">\n\t\t<label for=\"mc_mv_NOMEPROP_5\" class=\"mc_var_label mc_header mc_header_text\">Primeiro nome<span class=\"mc_required\">*<\/span><\/label>\n\t<input type=\"text\" size=\"18\" placeholder=\"\" name=\"mc_mv_NOMEPROP\" id=\"mc_mv_NOMEPROP_5\" class=\"mc_input\"\/>\n<\/div><!-- \/mc_merge_var -->\n<div class=\"mc_merge_var\">\n\t\t<label for=\"mc_mv_NUM_SOCIO_6\" class=\"mc_var_label mc_header mc_header_text\">N\u00famero de S\u00f3cio<span class=\"mc_required\">*<\/span><\/label>\n\t<input type=\"text\" size=\"18\" placeholder=\"\" name=\"mc_mv_NUM_SOCIO\" id=\"mc_mv_NUM_SOCIO_6\" class=\"mc_input\"\/>\n<\/div><!-- \/mc_merge_var -->\n<div class=\"mc_merge_var\">\n\t\t<label for=\"mc_mv_REGIAO_7\" class=\"mc_var_label mc_header mc_header_text\">Regi\u00e3o<\/label>\n\t<input type=\"text\" size=\"18\" placeholder=\"\" name=\"mc_mv_REGIAO\" id=\"mc_mv_REGIAO_7\" class=\"mc_input\"\/>\n<\/div><!-- \/mc_merge_var -->\n<div class=\"mc_merge_var\">\n\t\t<label for=\"mc_mv_SOBRENOME_8\" class=\"mc_var_label mc_header mc_header_text\">Sobrenome<span class=\"mc_required\">*<\/span><\/label>\n\t<input type=\"text\" size=\"18\" placeholder=\"\" name=\"mc_mv_SOBRENOME\" id=\"mc_mv_SOBRENOME_8\" class=\"mc_input\"\/>\n<\/div><!-- \/mc_merge_var -->\t\t\t<div class=\"mc-indicates-required\">\n\t\t\t\t* = required field\t\t\t<\/div><!-- \/mc-indicates-required -->\n\t\t\t\t<div style=\"display: none; !important\">\n\t\t<label for=\"mailchimp_sf_alt_email\">Alternative Email:<\/label>\n\t\t<input type=\"text\" name=\"mailchimp_sf_alt_email\" autocomplete=\"off\"\/>\n\t<\/div>\n\t<input type=\"hidden\" class=\"mailchimp_sf_no_js\" name=\"mailchimp_sf_no_js\" value=\"1\" \/>\n\t\n\t\t<div class=\"mc_signup_submit\">\n\t\t\t<input type=\"submit\" name=\"mc_signup_submit\" class=\"mc_signup_submit_button\" id=\"mc_signup_submit_94c7aa4dd0_1\" value=\"Subscribe\" class=\"button\" \/>\n\t\t<\/div><!-- \/mc_signup_submit -->\n\n\t\t\n\t<\/div><!-- \/mc_form_inside -->\n\t<\/form><!-- \/mc_signup_form -->\n<\/div><!-- \/mc_signup_container -->\n\t<\/div>\t\t\t\t<\/div>\n\t\t\t\t<\/div>\n\t\t\t\t\t<\/div>\n\t\t\t\t<\/div>\n\t\t<div class=\"elementor-element elementor-element-57002c28 e-flex e-con-boxed e-con e-parent\" data-id=\"57002c28\" data-element_type=\"container\" data-e-type=\"container\">\n\t\t\t\t\t<div class=\"e-con-inner\">\n\t\t\t\t<div class=\"elementor-element elementor-element-ebc66b0 elementor-widget elementor-widget-text-editor\" data-id=\"ebc66b0\" data-element_type=\"widget\" data-e-type=\"widget\" data-widget_type=\"text-editor.default\">\n\t\t\t\t\t\t\t\t\t<p><b>Nota:<\/b><br \/>Os dados deste formul\u00e1rio ser\u00e3o enviados para tratamento inform\u00e1tico.<br \/>Dever\u00e1 receber em breve no seu email os documentos que formalizam a sua inscri\u00e7\u00e3o.<\/p>\t\t\t\t\t\t\t\t<\/div>\n\t\t\t\t<div class=\"elementor-element elementor-element-7b989c24 elementor-widget-divider--view-line elementor-widget elementor-widget-divider\" data-id=\"7b989c24\" data-element_type=\"widget\" data-e-type=\"widget\" data-widget_type=\"divider.default\">\n\t\t\t\t\t\t\t<div class=\"elementor-divider\">\n\t\t\t<span class=\"elementor-divider-separator\">\n\t\t\t\t\t\t<\/span>\n\t\t<\/div>\n\t\t\t\t\t\t<\/div>\n\t\t\t\t\t<\/div>\n\t\t\t\t<\/div>\n\t\t\t\t<\/div>\n\t\t","protected":false},"excerpt":{"rendered":"<p>Recupera\u00e7\u00e3o de E-mails Registe-se na lista de emails do SINDEPOR. O SINDEPOR envia com frequ\u00eancia alguma informa\u00e7\u00e3o \u00fatil relacionada com a Carreira de Enfermagem.Junte-se a esta lista para receber estas mensagens. Nota:Os dados deste formul\u00e1rio ser\u00e3o enviados para tratamento inform\u00e1tico.Dever\u00e1 receber em breve no seu email os documentos que formalizam a sua inscri\u00e7\u00e3o.<\/p>\n","protected":false},"author":1,"featured_media":0,"parent":0,"menu_order":0,"comment_status":"closed","ping_status":"closed","template":"","meta":{"footnotes":""},"class_list":["post-1006","page","type-page","status-publish","hentry"],"_links":{"self":[{"href":"https:\/\/sindepor.org\/index.php?rest_route=\/wp\/v2\/pages\/1006","targetHints":{"allow":["GET"]}}],"collection":[{"href":"https:\/\/sindepor.org\/index.php?rest_route=\/wp\/v2\/pages"}],"about":[{"href":"https:\/\/sindepor.org\/index.php?rest_route=\/wp\/v2\/types\/page"}],"author":[{"embeddable":true,"href":"https:\/\/sindepor.org\/index.php?rest_route=\/wp\/v2\/users\/1"}],"replies":[{"embeddable":true,"href":"https:\/\/sindepor.org\/index.php?rest_route=%2Fwp%2Fv2%2Fcomments&post=1006"}],"version-history":[{"count":26,"href":"https:\/\/sindepor.org\/index.php?rest_route=\/wp\/v2\/pages\/1006\/revisions"}],"predecessor-version":[{"id":2183,"href":"https:\/\/sindepor.org\/index.php?rest_route=\/wp\/v2\/pages\/1006\/revisions\/2183"}],"wp:attachment":[{"href":"https:\/\/sindepor.org\/index.php?rest_route=%2Fwp%2Fv2%2Fmedia&parent=1006"}],"curies":[{"name":"wp","href":"https:\/\/api.w.org\/{rel}","templated":true}]}}