{"id":449,"date":"2026-03-04T23:16:36","date_gmt":"2026-03-04T23:16:36","guid":{"rendered":"https:\/\/sindepor.org\/?page_id=449"},"modified":"2026-03-09T23:01:01","modified_gmt":"2026-03-09T23:01:01","slug":"quem-somos","status":"publish","type":"page","link":"https:\/\/sindepor.org\/?page_id=449","title":{"rendered":"Quem somos"},"content":{"rendered":"\t\t<div data-elementor-type=\"wp-page\" data-elementor-id=\"449\" class=\"elementor elementor-449\" data-elementor-post-type=\"page\">\n\t\t\t\t<div class=\"elementor-element elementor-element-728e27bc e-flex e-con-boxed e-con e-parent\" data-id=\"728e27bc\" data-element_type=\"container\" data-e-type=\"container\">\n\t\t\t\t\t<div class=\"e-con-inner\">\n\t\t<div class=\"elementor-element elementor-element-30f7c081 e-con-full e-flex e-con e-child\" data-id=\"30f7c081\" data-element_type=\"container\" data-e-type=\"container\">\n\t\t\t\t<div class=\"elementor-element elementor-element-e4128b6 elementor-widget elementor-widget-heading\" data-id=\"e4128b6\" data-element_type=\"widget\" data-e-type=\"widget\" data-widget_type=\"heading.default\">\n\t\t\t\t\t<h1 class=\"elementor-heading-title elementor-size-default\">O Sindicato\n<\/h1>\t\t\t\t<\/div>\n\t\t\t\t<div class=\"elementor-element elementor-element-6b4790d5 elementor-widget elementor-widget-image\" data-id=\"6b4790d5\" data-element_type=\"widget\" data-e-type=\"widget\" data-widget_type=\"image.default\">\n\t\t\t\t\t\t\t\t\t\t\t\t\t\t\t<img fetchpriority=\"high\" decoding=\"async\" width=\"271\" height=\"300\" src=\"https:\/\/sindepor.org\/wp-content\/uploads\/2026\/03\/1-Carlos-Manuel-Baliza-Ramalho-271x300-1.jpg\" class=\"attachment-large size-large wp-image-925\" alt=\"\" \/>\t\t\t\t\t\t\t\t\t\t\t\t\t\t\t<\/div>\n\t\t\t\t<div class=\"elementor-element elementor-element-b5a6502 elementor-widget elementor-widget-text-editor\" data-id=\"b5a6502\" data-element_type=\"widget\" data-e-type=\"widget\" data-widget_type=\"text-editor.default\">\n\t\t\t\t\t\t\t\t\t<p>O Sindicato Democr\u00e1tico dos Enfermeiros de Portugal (SINDEPOR) foi fundado em 8 de setembro de 2017, com o objetivo de representar e lutar pelos direitos dos enfermeiros em Portugal. O nascimento foi impulsionado por Carlos Ramalho, que \u00e9 tamb\u00e9m o atual presidente e s\u00f3cio n\u00famero 1, e contou com o apoio de outros membros fundadores como Ulisses Rolim, H\u00e9lder Bel\u00e9m, Lu\u00eds Brand\u00e3o e C\u00e9sar Ferreira, sendo que este \u00faltimo esteve pouco tempo no projeto. A este n\u00facleo inicial juntou-se Evaristo Faria, atual coordenador na Madeira.<\/p><p>O sindicato surgiu como resposta ao cen\u00e1rio ent\u00e3o existente, em que predominavam dois sindicatos mais antigos e com uma vis\u00e3o j\u00e1 distante da realidade dos enfermeiros. O SINDEPOR queria representar enfermeiros que estavam diretamente envolvidos na presta\u00e7\u00e3o de cuidados de sa\u00fade e que sentiam a necessidade de uma mudan\u00e7a no sindicalismo. Desde que foi criado, o SINDEPOR tem desempenhado um papel inovador, sendo pioneiro em diversas a\u00e7\u00f5es de luta, como a greve cir\u00fargica, um marco importante que demonstrou a nossa coragem em adotar novas formas de protesto, mesmo sem o apoio dos sindicatos mais tradicionais.<\/p><p>Dentro desta vontade de fazer diferente, referimos a pol\u00edtica de quotas, com um valor fixo mensal de 13 euros para todos os associados, independentemente do seu sal\u00e1rio, o que contrasta com os sindicatos do setor que cobram uma percentagem do sal\u00e1rio base. Esta decis\u00e3o reflete o compromisso de nos tornarmos acess\u00edveis a todos os enfermeiros, independentemente da condi\u00e7\u00e3o financeira de cada um.<\/p><p>Geograficamente, o SINDEPOR foi fundado em \u00c9vora, onde mantem a sua sede, mas tem procurado representar os enfermeiros em todas as \u00e1reas e em todo territ\u00f3rio nacional \u2013 incluindo Madeira e A\u00e7ores \u2013 desde os grandes centros urbanos at\u00e9 \u00e0s regi\u00f5es mais remotas. Esse compromisso com a descentraliza\u00e7\u00e3o \u00e9 um reflexo da nossa vis\u00e3o inclusiva e igualit\u00e1ria.<\/p><p>O SINDEPOR tem o apoio da UGT (Uni\u00e3o Geral de Trabalhadores), uma central sindical com a qual partilhamos princ\u00edpios sociais e pol\u00edticos, sem que a UGT interfira nas nossas decis\u00f5es. Em termos de futuro, o SINDEPOR prop\u00f5e continuar a lutar pela dignifica\u00e7\u00e3o e visibilidade da profiss\u00e3o, mantendo um di\u00e1logo aberto com os associados, ouvindo as suas necessidades e sempre a procurar novas formas de luta para alcan\u00e7ar os nossos objetivos.<\/p><p>O lema do SINDEPOR, \u201cmudar \u00e9 preciso\u201d, reflete esta miss\u00e3o de transforma\u00e7\u00e3o do sindicalismo e a busca por melhorias cont\u00ednuas para os enfermeiros portugueses.<\/p>\t\t\t\t\t\t\t\t<\/div>\n\t\t\t\t<\/div>\n\t\t<div class=\"elementor-element elementor-element-4522ff3 e-con-full e-flex e-con e-child\" data-id=\"4522ff3\" data-element_type=\"container\" data-e-type=\"container\">\n\t\t\t\t<div class=\"elementor-element elementor-element-ecf5f44 elementor-widget elementor-widget-heading\" data-id=\"ecf5f44\" data-element_type=\"widget\" data-e-type=\"widget\" data-widget_type=\"heading.default\">\n\t\t\t\t\t<h1 class=\"elementor-heading-title elementor-size-default\">Mensagem do Presidente\n<\/h1>\t\t\t\t<\/div>\n\t\t\t\t<div class=\"elementor-element elementor-element-18bb6d7 elementor-widget elementor-widget-text-editor\" data-id=\"18bb6d7\" data-element_type=\"widget\" data-e-type=\"widget\" data-widget_type=\"text-editor.default\">\n\t\t\t\t\t\t\t\t\t<p>Para consultar mensagens anteriores, clique <a href=\"https:\/\/sindepor.org\/?page_id=931\">aqui<\/a><\/p>\t\t\t\t\t\t\t\t<\/div>\n\t\t\t\t<\/div>\n\t\t\t\t\t<\/div>\n\t\t\t\t<\/div>\n\t\t\t\t<\/div>\n\t\t","protected":false},"excerpt":{"rendered":"<p>O Sindicato O Sindicato Democr\u00e1tico dos Enfermeiros de Portugal (SINDEPOR) foi fundado em 8 de setembro de 2017, com o objetivo de representar e lutar pelos direitos dos enfermeiros em Portugal. O nascimento foi impulsionado por Carlos Ramalho, que \u00e9 tamb\u00e9m o atual presidente e s\u00f3cio n\u00famero 1, e contou com o apoio de outros [&hellip;]<\/p>\n","protected":false},"author":1,"featured_media":0,"parent":0,"menu_order":0,"comment_status":"closed","ping_status":"closed","template":"","meta":{"footnotes":""},"class_list":["post-449","page","type-page","status-publish","hentry"],"_links":{"self":[{"href":"https:\/\/sindepor.org\/index.php?rest_route=\/wp\/v2\/pages\/449","targetHints":{"allow":["GET"]}}],"collection":[{"href":"https:\/\/sindepor.org\/index.php?rest_route=\/wp\/v2\/pages"}],"about":[{"href":"https:\/\/sindepor.org\/index.php?rest_route=\/wp\/v2\/types\/page"}],"author":[{"embeddable":true,"href":"https:\/\/sindepor.org\/index.php?rest_route=\/wp\/v2\/users\/1"}],"replies":[{"embeddable":true,"href":"https:\/\/sindepor.org\/index.php?rest_route=%2Fwp%2Fv2%2Fcomments&post=449"}],"version-history":[{"count":10,"href":"https:\/\/sindepor.org\/index.php?rest_route=\/wp\/v2\/pages\/449\/revisions"}],"predecessor-version":[{"id":942,"href":"https:\/\/sindepor.org\/index.php?rest_route=\/wp\/v2\/pages\/449\/revisions\/942"}],"wp:attachment":[{"href":"https:\/\/sindepor.org\/index.php?rest_route=%2Fwp%2Fv2%2Fmedia&parent=449"}],"curies":[{"name":"wp","href":"https:\/\/api.w.org\/{rel}","templated":true}]}}