{"id":455,"date":"2026-03-04T23:17:31","date_gmt":"2026-03-04T23:17:31","guid":{"rendered":"https:\/\/sindepor.org\/?page_id=455"},"modified":"2026-03-16T18:50:50","modified_gmt":"2026-03-16T18:50:50","slug":"conselho-nacional","status":"publish","type":"page","link":"https:\/\/sindepor.org\/?page_id=455","title":{"rendered":"Conselho Nacional"},"content":{"rendered":"\t\t<div data-elementor-type=\"wp-page\" data-elementor-id=\"455\" class=\"elementor elementor-455\" data-elementor-post-type=\"page\">\n\t\t\t\t<div class=\"elementor-element elementor-element-4762c6f8 e-flex e-con-boxed e-con e-parent\" data-id=\"4762c6f8\" data-element_type=\"container\" data-e-type=\"container\">\n\t\t\t\t\t<div class=\"e-con-inner\">\n\t\t\t\t<div class=\"elementor-element elementor-element-2e82343a elementor-widget elementor-widget-heading\" data-id=\"2e82343a\" data-element_type=\"widget\" data-e-type=\"widget\" data-widget_type=\"heading.default\">\n\t\t\t\t\t<h1 class=\"elementor-heading-title elementor-size-default\">Conselho Nacional<\/h1>\t\t\t\t<\/div>\n\t\t\t\t\t<\/div>\n\t\t\t\t<\/div>\n\t\t<div class=\"elementor-element elementor-element-21546a35 e-flex e-con-boxed e-con e-parent\" data-id=\"21546a35\" data-element_type=\"container\" data-e-type=\"container\">\n\t\t\t\t\t<div class=\"e-con-inner\">\n\t\t<div class=\"elementor-element elementor-element-c308816 e-con-full e-flex e-con e-child\" data-id=\"c308816\" data-element_type=\"container\" data-e-type=\"container\">\n\t\t<div class=\"elementor-element elementor-element-f2bc747 e-con-full e-flex e-con e-child\" data-id=\"f2bc747\" data-element_type=\"container\" data-e-type=\"container\">\n\t\t<div class=\"elementor-element elementor-element-89b760f e-con-full e-flex e-con e-child\" data-id=\"89b760f\" data-element_type=\"container\" data-e-type=\"container\">\n\t\t\t\t<div class=\"elementor-element elementor-element-d9cbd99 elementor-widget elementor-widget-text-editor\" data-id=\"d9cbd99\" data-element_type=\"widget\" data-e-type=\"widget\" data-widget_type=\"text-editor.default\">\n\t\t\t\t\t\t\t\t\t<p style=\"text-align: center;\">Ana Sofia Xavier Gomes<br \/>\u00c2ngela Catarina Azevedo Carvalheira<br \/>Carla Alexandra Ribeiro Sousa<br \/>Catarina Maria Ferreira da Silva<br \/>Cl\u00e1udia Maria Melo Martins<br \/>Elsa In\u00eas Esteves da Silva Maia<br \/>Jos\u00e9 Ant\u00f3nio Vilaverde Silva<\/p>\t\t\t\t\t\t\t\t<\/div>\n\t\t\t\t<\/div>\n\t\t<div class=\"elementor-element elementor-element-d243dfd e-con-full e-flex e-con e-child\" data-id=\"d243dfd\" data-element_type=\"container\" data-e-type=\"container\">\n\t\t\t\t<div class=\"elementor-element elementor-element-c496225 elementor-widget elementor-widget-text-editor\" data-id=\"c496225\" data-element_type=\"widget\" data-e-type=\"widget\" data-widget_type=\"text-editor.default\">\n\t\t\t\t\t\t\t\t\t<p style=\"text-align: center;\">Jos\u00e9 Manuel Lameira Souta<br \/>Jos\u00e9 Miguel Aguiar Farrag\u00f3 Dias<br \/>Joana Andreia Esgalhardo Machado <br \/>Jos\u00e9 \u00d3scar Ferreirinha Ramos<br \/>Margarida Cristina Alves Canais R. Vieira Ramalho<br \/>Maria Isabel Noite Brand\u00e3o<\/p>\t\t\t\t\t\t\t\t<\/div>\n\t\t\t\t<\/div>\n\t\t<div class=\"elementor-element elementor-element-e19505b e-con-full e-flex e-con e-child\" data-id=\"e19505b\" data-element_type=\"container\" data-e-type=\"container\">\n\t\t\t\t<div class=\"elementor-element elementor-element-b65dcc2 elementor-widget elementor-widget-text-editor\" data-id=\"b65dcc2\" data-element_type=\"widget\" data-e-type=\"widget\" data-widget_type=\"text-editor.default\">\n\t\t\t\t\t\t\t\t\t<p style=\"text-align: center;\">Maria Margarida Carvalho Gi\u00e3o<br \/>Maria Nat\u00e9rcia Campos Ramalho Curvo<br \/>Maria Raquel Brito Rodrigues de Noronha<br \/>Nuno Manuel Boieiro Alves <br \/>Orlando Manuel Sales Laureano <br \/>Rodrigo Campos Mendes <br \/>Rui Edgar Ferreira da Costa <br \/>Soraya Coelho Gon\u00e7alves Machado<\/p>\t\t\t\t\t\t\t\t<\/div>\n\t\t\t\t<\/div>\n\t\t\t\t<\/div>\n\t\t\t\t<\/div>\n\t\t\t\t\t<\/div>\n\t\t\t\t<\/div>\n\t\t\t\t<\/div>\n\t\t","protected":false},"excerpt":{"rendered":"<p>Conselho Nacional Ana Sofia Xavier Gomes\u00c2ngela Catarina Azevedo CarvalheiraCarla Alexandra Ribeiro SousaCatarina Maria Ferreira da SilvaCl\u00e1udia Maria Melo MartinsElsa In\u00eas Esteves da Silva MaiaJos\u00e9 Ant\u00f3nio Vilaverde Silva Jos\u00e9 Manuel Lameira SoutaJos\u00e9 Miguel Aguiar Farrag\u00f3 DiasJoana Andreia Esgalhardo Machado Jos\u00e9 \u00d3scar Ferreirinha RamosMargarida Cristina Alves Canais R. Vieira RamalhoMaria Isabel Noite Brand\u00e3o Maria Margarida Carvalho Gi\u00e3oMaria [&hellip;]<\/p>\n","protected":false},"author":1,"featured_media":0,"parent":0,"menu_order":0,"comment_status":"closed","ping_status":"closed","template":"","meta":{"footnotes":""},"class_list":["post-455","page","type-page","status-publish","hentry"],"_links":{"self":[{"href":"https:\/\/sindepor.org\/index.php?rest_route=\/wp\/v2\/pages\/455","targetHints":{"allow":["GET"]}}],"collection":[{"href":"https:\/\/sindepor.org\/index.php?rest_route=\/wp\/v2\/pages"}],"about":[{"href":"https:\/\/sindepor.org\/index.php?rest_route=\/wp\/v2\/types\/page"}],"author":[{"embeddable":true,"href":"https:\/\/sindepor.org\/index.php?rest_route=\/wp\/v2\/users\/1"}],"replies":[{"embeddable":true,"href":"https:\/\/sindepor.org\/index.php?rest_route=%2Fwp%2Fv2%2Fcomments&post=455"}],"version-history":[{"count":16,"href":"https:\/\/sindepor.org\/index.php?rest_route=\/wp\/v2\/pages\/455\/revisions"}],"predecessor-version":[{"id":2083,"href":"https:\/\/sindepor.org\/index.php?rest_route=\/wp\/v2\/pages\/455\/revisions\/2083"}],"wp:attachment":[{"href":"https:\/\/sindepor.org\/index.php?rest_route=%2Fwp%2Fv2%2Fmedia&parent=455"}],"curies":[{"name":"wp","href":"https:\/\/api.w.org\/{rel}","templated":true}]}}