{"id":469,"date":"2026-03-04T23:18:43","date_gmt":"2026-03-04T23:18:43","guid":{"rendered":"https:\/\/sindepor.org\/?page_id=469"},"modified":"2026-03-12T01:15:51","modified_gmt":"2026-03-12T01:15:51","slug":"estatutos","status":"publish","type":"page","link":"https:\/\/sindepor.org\/?page_id=469","title":{"rendered":"Estatutos"},"content":{"rendered":"\t\t<div data-elementor-type=\"wp-page\" data-elementor-id=\"469\" class=\"elementor elementor-469\" data-elementor-post-type=\"page\">\n\t\t\t\t<div class=\"elementor-element elementor-element-49b14505 e-flex e-con-boxed e-con e-parent\" data-id=\"49b14505\" data-element_type=\"container\" data-e-type=\"container\">\n\t\t\t\t\t<div class=\"e-con-inner\">\n\t\t\t\t<div class=\"elementor-element elementor-element-1349c5e7 elementor-widget elementor-widget-heading\" data-id=\"1349c5e7\" data-element_type=\"widget\" data-e-type=\"widget\" data-widget_type=\"heading.default\">\n\t\t\t\t\t<h1 class=\"elementor-heading-title elementor-size-default\">Estatutos<\/h1>\t\t\t\t<\/div>\n\t\t\t\t\t<\/div>\n\t\t\t\t<\/div>\n\t\t<div class=\"elementor-element elementor-element-706a302 e-flex e-con-boxed e-con e-parent\" data-id=\"706a302\" data-element_type=\"container\" data-e-type=\"container\">\n\t\t\t\t\t<div class=\"e-con-inner\">\n\t\t\t\t<div class=\"elementor-element elementor-element-9868f0b elementor-widget elementor-widget-text-editor\" data-id=\"9868f0b\" data-element_type=\"widget\" data-e-type=\"widget\" data-widget_type=\"text-editor.default\">\n\t\t\t\t\t\t\t\t\t<p>Altera\u00e7\u00e3o aprovada em 19 de outubro de 2018, com \u00faltima publica\u00e7\u00e3o no Boletim do Trabalho e Emprego, n.\u00ba 33, de 8 de setembro de 2017:<\/p><p><a href=\"https:\/\/sindepor.org\/wp-content\/uploads\/2026\/03\/Estatutos-SINDEPOR-bte4_2019.pdf\">Boletim do Trabalho e Emprego, n.\u00ba 4, 29\/1\/2019<\/a><\/p>\t\t\t\t\t\t\t\t<\/div>\n\t\t\t\t\t<\/div>\n\t\t\t\t<\/div>\n\t\t\t\t<\/div>\n\t\t","protected":false},"excerpt":{"rendered":"<p>Estatutos Altera\u00e7\u00e3o aprovada em 19 de outubro de 2018, com \u00faltima publica\u00e7\u00e3o no Boletim do Trabalho e Emprego, n.\u00ba 33, de 8 de setembro de 2017: Boletim do Trabalho e Emprego, n.\u00ba 4, 29\/1\/2019<\/p>\n","protected":false},"author":1,"featured_media":0,"parent":0,"menu_order":0,"comment_status":"closed","ping_status":"closed","template":"","meta":{"footnotes":""},"class_list":["post-469","page","type-page","status-publish","hentry"],"_links":{"self":[{"href":"https:\/\/sindepor.org\/index.php?rest_route=\/wp\/v2\/pages\/469","targetHints":{"allow":["GET"]}}],"collection":[{"href":"https:\/\/sindepor.org\/index.php?rest_route=\/wp\/v2\/pages"}],"about":[{"href":"https:\/\/sindepor.org\/index.php?rest_route=\/wp\/v2\/types\/page"}],"author":[{"embeddable":true,"href":"https:\/\/sindepor.org\/index.php?rest_route=\/wp\/v2\/users\/1"}],"replies":[{"embeddable":true,"href":"https:\/\/sindepor.org\/index.php?rest_route=%2Fwp%2Fv2%2Fcomments&post=469"}],"version-history":[{"count":4,"href":"https:\/\/sindepor.org\/index.php?rest_route=\/wp\/v2\/pages\/469\/revisions"}],"predecessor-version":[{"id":1366,"href":"https:\/\/sindepor.org\/index.php?rest_route=\/wp\/v2\/pages\/469\/revisions\/1366"}],"wp:attachment":[{"href":"https:\/\/sindepor.org\/index.php?rest_route=%2Fwp%2Fv2%2Fmedia&parent=469"}],"curies":[{"name":"wp","href":"https:\/\/api.w.org\/{rel}","templated":true}]}}