{"id":475,"date":"2026-03-04T23:19:56","date_gmt":"2026-03-04T23:19:56","guid":{"rendered":"https:\/\/sindepor.org\/?page_id=475"},"modified":"2026-03-12T01:27:20","modified_gmt":"2026-03-12T01:27:20","slug":"documentos-complementares","status":"publish","type":"page","link":"https:\/\/sindepor.org\/?page_id=475","title":{"rendered":"Documentos complementares"},"content":{"rendered":"\t\t<div data-elementor-type=\"wp-page\" data-elementor-id=\"475\" class=\"elementor elementor-475\" data-elementor-post-type=\"page\">\n\t\t\t\t<div class=\"elementor-element elementor-element-3f597cdb e-flex e-con-boxed e-con e-parent\" data-id=\"3f597cdb\" data-element_type=\"container\" data-e-type=\"container\">\n\t\t\t\t\t<div class=\"e-con-inner\">\n\t\t\t\t<div class=\"elementor-element elementor-element-345f91b9 elementor-widget elementor-widget-heading\" data-id=\"345f91b9\" data-element_type=\"widget\" data-e-type=\"widget\" data-widget_type=\"heading.default\">\n\t\t\t\t\t<h1 class=\"elementor-heading-title elementor-size-default\">Documentos Complementares<\/h1>\t\t\t\t<\/div>\n\t\t\t\t\t<\/div>\n\t\t\t\t<\/div>\n\t\t<div class=\"elementor-element elementor-element-153ef6d1 e-flex e-con-boxed e-con e-parent\" data-id=\"153ef6d1\" data-element_type=\"container\" data-e-type=\"container\">\n\t\t\t\t\t<div class=\"e-con-inner\">\n\t\t\t\t<div class=\"elementor-element elementor-element-2b25cc14 elementor-widget elementor-widget-text-editor\" data-id=\"2b25cc14\" data-element_type=\"widget\" data-e-type=\"widget\" data-widget_type=\"text-editor.default\">\n\t\t\t\t\t\t\t\t\t<p>\u2022 Ficha de Inscri\u00e7\u00e3o \u2013 vers\u00e3o PDF (<a href=\"https:\/\/sindepor.org\/wp-content\/uploads\/2026\/03\/SINDEPOR_FichaInscricao2023.pdf\">download<\/a>)<\/p><p>\u2022 Autoriza\u00e7\u00e3o de D\u00e9bito Direto SEPA (<a href=\"https:\/\/sindepor.org\/wp-content\/uploads\/2026\/03\/Autorizacao-de-Debito-Direto-SEPA.pdf\">download<\/a>)<\/p><p>\u2022 Requerimento CIT D\u00e9bito do Ordenado (<a href=\"https:\/\/sindepor.org\/wp-content\/uploads\/2026\/03\/SINDEPOR-CIT-Debito_no_Ordenado-Ano_2025.pdf\">download<\/a>)<\/p><p>\u2022 Requerimento CTFP D\u00e9bito do Ordenado (<a href=\"https:\/\/sindepor.org\/wp-content\/uploads\/2026\/03\/SINDEPOR-CTFP-Debito_no_Ordenado-Ano_2025.pdf\">download<\/a>)<\/p><p>\u2022 Minuta para dessindicaliza\u00e7\u00e3o (<a href=\"https:\/\/sindepor.org\/wp-content\/uploads\/2026\/03\/Minuta_para_dessindicalizacao.docx\">download<\/a>)<\/p><p>\u2022 Minuta para informar anterior sindicato sobre dessindicaliza\u00e7\u00e3o (<a href=\"https:\/\/sindepor.org\/wp-content\/uploads\/2026\/03\/Minuta_para_informar_anterior_sindicato_sobre_dessindicalizacao.docx\">download<\/a>)<\/p>\t\t\t\t\t\t\t\t<\/div>\n\t\t\t\t\t<\/div>\n\t\t\t\t<\/div>\n\t\t\t\t<\/div>\n\t\t","protected":false},"excerpt":{"rendered":"<p>Documentos Complementares \u2022 Ficha de Inscri\u00e7\u00e3o \u2013 vers\u00e3o PDF (download) \u2022 Autoriza\u00e7\u00e3o de D\u00e9bito Direto SEPA (download) \u2022 Requerimento CIT D\u00e9bito do Ordenado (download) \u2022 Requerimento CTFP D\u00e9bito do Ordenado (download) \u2022 Minuta para dessindicaliza\u00e7\u00e3o (download) \u2022 Minuta para informar anterior sindicato sobre dessindicaliza\u00e7\u00e3o (download)<\/p>\n","protected":false},"author":1,"featured_media":0,"parent":0,"menu_order":0,"comment_status":"closed","ping_status":"closed","template":"","meta":{"footnotes":""},"class_list":["post-475","page","type-page","status-publish","hentry"],"_links":{"self":[{"href":"https:\/\/sindepor.org\/index.php?rest_route=\/wp\/v2\/pages\/475","targetHints":{"allow":["GET"]}}],"collection":[{"href":"https:\/\/sindepor.org\/index.php?rest_route=\/wp\/v2\/pages"}],"about":[{"href":"https:\/\/sindepor.org\/index.php?rest_route=\/wp\/v2\/types\/page"}],"author":[{"embeddable":true,"href":"https:\/\/sindepor.org\/index.php?rest_route=\/wp\/v2\/users\/1"}],"replies":[{"embeddable":true,"href":"https:\/\/sindepor.org\/index.php?rest_route=%2Fwp%2Fv2%2Fcomments&post=475"}],"version-history":[{"count":7,"href":"https:\/\/sindepor.org\/index.php?rest_route=\/wp\/v2\/pages\/475\/revisions"}],"predecessor-version":[{"id":1381,"href":"https:\/\/sindepor.org\/index.php?rest_route=\/wp\/v2\/pages\/475\/revisions\/1381"}],"wp:attachment":[{"href":"https:\/\/sindepor.org\/index.php?rest_route=%2Fwp%2Fv2%2Fmedia&parent=475"}],"curies":[{"name":"wp","href":"https:\/\/api.w.org\/{rel}","templated":true}]}}