{"id":494,"date":"2026-03-04T23:28:29","date_gmt":"2026-03-04T23:28:29","guid":{"rendered":"https:\/\/sindepor.org\/?page_id=494"},"modified":"2026-03-16T18:48:21","modified_gmt":"2026-03-16T18:48:21","slug":"direcao-nacional","status":"publish","type":"page","link":"https:\/\/sindepor.org\/?page_id=494","title":{"rendered":"Dire\u00e7\u00e3o Nacional"},"content":{"rendered":"\t\t<div data-elementor-type=\"wp-page\" data-elementor-id=\"494\" class=\"elementor elementor-494\" data-elementor-post-type=\"page\">\n\t\t\t\t<div class=\"elementor-element elementor-element-30f19b4b e-flex e-con-boxed e-con e-parent\" data-id=\"30f19b4b\" data-element_type=\"container\" data-e-type=\"container\">\n\t\t\t\t\t<div class=\"e-con-inner\">\n\t\t\t\t<div class=\"elementor-element elementor-element-c841ce3 elementor-widget elementor-widget-heading\" data-id=\"c841ce3\" data-element_type=\"widget\" data-e-type=\"widget\" data-widget_type=\"heading.default\">\n\t\t\t\t\t<h1 class=\"elementor-heading-title elementor-size-default\">Dire\u00e7\u00e3o Nacional<\/h1>\t\t\t\t<\/div>\n\t\t<div class=\"elementor-element elementor-element-31fc041a e-con-full e-flex e-con e-child\" data-id=\"31fc041a\" data-element_type=\"container\" data-e-type=\"container\">\n\t\t<div class=\"elementor-element elementor-element-444bf59f animated-fast e-con-full e-flex elementor-invisible e-con e-child\" data-id=\"444bf59f\" data-element_type=\"container\" data-e-type=\"container\" data-settings=\"{&quot;background_background&quot;:&quot;classic&quot;,&quot;animation&quot;:&quot;fadeInUp&quot;}\">\n\t\t\t\t<div class=\"elementor-element elementor-element-10b61861 elementor-widget__width-initial elementor-widget elementor-widget-image\" data-id=\"10b61861\" data-element_type=\"widget\" data-e-type=\"widget\" data-widget_type=\"image.default\">\n\t\t\t\t\t\t\t\t\t\t\t\t\t\t\t<img fetchpriority=\"high\" decoding=\"async\" width=\"271\" height=\"300\" src=\"https:\/\/sindepor.org\/wp-content\/uploads\/2026\/03\/1-Carlos-Manuel-Baliza-Ramalho-271x300-1.jpg\" class=\"attachment-large size-large wp-image-925\" alt=\"\" \/>\t\t\t\t\t\t\t\t\t\t\t\t\t\t\t<\/div>\n\t\t\t\t<div class=\"elementor-element elementor-element-6a2d2357 elementor-widget elementor-widget-image-box\" data-id=\"6a2d2357\" data-element_type=\"widget\" data-e-type=\"widget\" data-widget_type=\"image-box.default\">\n\t\t\t\t\t<div class=\"elementor-image-box-wrapper\"><div class=\"elementor-image-box-content\"><h2 class=\"elementor-image-box-title\">Carlos Ramalho<\/h2><p class=\"elementor-image-box-description\">Presidente<\/p><\/div><\/div>\t\t\t\t<\/div>\n\t\t\t\t<\/div>\n\t\t<div class=\"elementor-element elementor-element-15784af9 animated-fast e-con-full e-flex elementor-invisible e-con e-child\" data-id=\"15784af9\" data-element_type=\"container\" data-e-type=\"container\" data-settings=\"{&quot;background_background&quot;:&quot;classic&quot;,&quot;animation&quot;:&quot;fadeInUp&quot;}\">\n\t\t\t\t<div class=\"elementor-element elementor-element-25c9ffab elementor-widget__width-initial elementor-widget elementor-widget-image\" data-id=\"25c9ffab\" data-element_type=\"widget\" data-e-type=\"widget\" data-widget_type=\"image.default\">\n\t\t\t\t\t\t\t\t\t\t\t\t\t\t\t<img decoding=\"async\" width=\"150\" height=\"150\" src=\"https:\/\/sindepor.org\/wp-content\/uploads\/2026\/03\/2-Fernando-Manuel-dos-Santos-Fernandes-150x150-1.jpg\" class=\"attachment-large size-large wp-image-960\" alt=\"\" \/>\t\t\t\t\t\t\t\t\t\t\t\t\t\t\t<\/div>\n\t\t\t\t<div class=\"elementor-element elementor-element-2783c19c elementor-widget elementor-widget-image-box\" data-id=\"2783c19c\" data-element_type=\"widget\" data-e-type=\"widget\" data-widget_type=\"image-box.default\">\n\t\t\t\t\t<div class=\"elementor-image-box-wrapper\"><div class=\"elementor-image-box-content\"><h2 class=\"elementor-image-box-title\">Fernando Fernandes<\/h2><p class=\"elementor-image-box-description\">Vice-Presidente<\/p><\/div><\/div>\t\t\t\t<\/div>\n\t\t\t\t<\/div>\n\t\t<div class=\"elementor-element elementor-element-600304f9 animated-fast e-con-full e-flex elementor-invisible e-con e-child\" data-id=\"600304f9\" data-element_type=\"container\" data-e-type=\"container\" data-settings=\"{&quot;background_background&quot;:&quot;classic&quot;,&quot;animation&quot;:&quot;fadeInUp&quot;}\">\n\t\t\t\t<div class=\"elementor-element elementor-element-60a590ba elementor-widget__width-initial elementor-widget elementor-widget-image\" data-id=\"60a590ba\" data-element_type=\"widget\" data-e-type=\"widget\" data-widget_type=\"image.default\">\n\t\t\t\t\t\t\t\t\t\t\t\t\t\t\t<img decoding=\"async\" width=\"300\" height=\"300\" src=\"https:\/\/sindepor.org\/wp-content\/uploads\/2026\/03\/3-Angela-Fernanda-P.-da-Costa-Goncalves-300x300-1.jpg\" class=\"attachment-large size-large wp-image-961\" alt=\"\" srcset=\"https:\/\/sindepor.org\/wp-content\/uploads\/2026\/03\/3-Angela-Fernanda-P.-da-Costa-Goncalves-300x300-1.jpg 300w, https:\/\/sindepor.org\/wp-content\/uploads\/2026\/03\/3-Angela-Fernanda-P.-da-Costa-Goncalves-300x300-1-150x150.jpg 150w\" sizes=\"(max-width: 300px) 100vw, 300px\" \/>\t\t\t\t\t\t\t\t\t\t\t\t\t\t\t<\/div>\n\t\t\t\t<div class=\"elementor-element elementor-element-97bd7c2 elementor-widget elementor-widget-image-box\" data-id=\"97bd7c2\" data-element_type=\"widget\" data-e-type=\"widget\" data-widget_type=\"image-box.default\">\n\t\t\t\t\t<div class=\"elementor-image-box-wrapper\"><div class=\"elementor-image-box-content\"><h2 class=\"elementor-image-box-title\">\u00c2ngela Gon\u00e7alves<\/h2><p class=\"elementor-image-box-description\">Secret\u00e1ria<\/p><\/div><\/div>\t\t\t\t<\/div>\n\t\t\t\t<\/div>\n\t\t<div class=\"elementor-element elementor-element-789c760 animated-fast e-con-full e-flex elementor-invisible e-con e-child\" data-id=\"789c760\" data-element_type=\"container\" data-e-type=\"container\" data-settings=\"{&quot;background_background&quot;:&quot;classic&quot;,&quot;animation&quot;:&quot;fadeInUp&quot;}\">\n\t\t\t\t<div class=\"elementor-element elementor-element-eb6094f elementor-widget__width-initial elementor-widget elementor-widget-image\" data-id=\"eb6094f\" data-element_type=\"widget\" data-e-type=\"widget\" data-widget_type=\"image.default\">\n\t\t\t\t\t\t\t\t\t\t\t\t\t\t\t<img loading=\"lazy\" decoding=\"async\" width=\"150\" height=\"150\" src=\"https:\/\/sindepor.org\/wp-content\/uploads\/2026\/03\/4-Luis-Brando-150x150-1.jpg\" class=\"attachment-large size-large wp-image-962\" alt=\"\" \/>\t\t\t\t\t\t\t\t\t\t\t\t\t\t\t<\/div>\n\t\t\t\t<div class=\"elementor-element elementor-element-4d3ecf9 elementor-widget elementor-widget-image-box\" data-id=\"4d3ecf9\" data-element_type=\"widget\" data-e-type=\"widget\" data-widget_type=\"image-box.default\">\n\t\t\t\t\t<div class=\"elementor-image-box-wrapper\"><div class=\"elementor-image-box-content\"><h2 class=\"elementor-image-box-title\">Lu\u00eds Brand\u00e3o<\/h2><p class=\"elementor-image-box-description\">Tesoureiro<\/p><\/div><\/div>\t\t\t\t<\/div>\n\t\t\t\t<\/div>\n\t\t\t\t<\/div>\n\t\t\t\t\t<\/div>\n\t\t\t\t<\/div>\n\t\t<div class=\"elementor-element elementor-element-32a0e536 e-flex e-con-boxed e-con e-parent\" data-id=\"32a0e536\" data-element_type=\"container\" data-e-type=\"container\">\n\t\t\t\t\t<div class=\"e-con-inner\">\n\t\t\t\t<div class=\"elementor-element elementor-element-5b14e370 elementor-widget-divider--view-line elementor-widget elementor-widget-divider\" data-id=\"5b14e370\" data-element_type=\"widget\" data-e-type=\"widget\" data-widget_type=\"divider.default\">\n\t\t\t\t\t\t\t<div class=\"elementor-divider\">\n\t\t\t<span class=\"elementor-divider-separator\">\n\t\t\t\t\t\t<\/span>\n\t\t<\/div>\n\t\t\t\t\t\t<\/div>\n\t\t\t\t\t<\/div>\n\t\t\t\t<\/div>\n\t\t<div class=\"elementor-element elementor-element-45a0b6e e-flex e-con-boxed e-con e-parent\" data-id=\"45a0b6e\" data-element_type=\"container\" data-e-type=\"container\">\n\t\t\t\t\t<div class=\"e-con-inner\">\n\t\t\t\t<div class=\"elementor-element elementor-element-85e98f2 elementor-widget elementor-widget-heading\" data-id=\"85e98f2\" data-element_type=\"widget\" data-e-type=\"widget\" data-widget_type=\"heading.default\">\n\t\t\t\t\t<h2 class=\"elementor-heading-title elementor-size-default\"><span class=\"elementor-heading-title elementor-size-default elementor-inline-editing pen\" data-elementor-setting-key=\"title\" data-pen-placeholder=\"Type Here...\" style=\"font-size: 1.5rem\">Vogais<\/span><\/h2>\t\t\t\t<\/div>\n\t\t\t\t\t<\/div>\n\t\t\t\t<\/div>\n\t\t<div class=\"elementor-element elementor-element-40d3a7c6 e-flex e-con-boxed e-con e-parent\" data-id=\"40d3a7c6\" data-element_type=\"container\" data-e-type=\"container\">\n\t\t\t\t\t<div class=\"e-con-inner\">\n\t\t<div class=\"elementor-element elementor-element-47a940f2 e-con-full e-flex e-con e-child\" data-id=\"47a940f2\" data-element_type=\"container\" data-e-type=\"container\">\n\t\t\t\t<div class=\"elementor-element elementor-element-6dfdcf79 elementor-widget elementor-widget-text-editor\" data-id=\"6dfdcf79\" data-element_type=\"widget\" data-e-type=\"widget\" data-widget_type=\"text-editor.default\">\n\t\t\t\t\t\t\t\t\t<p style=\"text-align: center;\">Ana Maria Silva Marques<br \/>M\u00e1rio Olimpio M\u00e1ximo Monteiro<br \/>Jos\u00e9 Jo\u00e3o Costa Fraga<br \/>Tiago Andr\u00e9 Fernandes N. Tavares<\/p>\t\t\t\t\t\t\t\t<\/div>\n\t\t\t\t<\/div>\n\t\t<div class=\"elementor-element elementor-element-4c76249b e-con-full e-flex e-con e-child\" data-id=\"4c76249b\" data-element_type=\"container\" data-e-type=\"container\">\n\t\t\t\t<div class=\"elementor-element elementor-element-490ff3d6 elementor-widget elementor-widget-text-editor\" data-id=\"490ff3d6\" data-element_type=\"widget\" data-e-type=\"widget\" data-widget_type=\"text-editor.default\">\n\t\t\t\t\t\t\t\t\t<p style=\"text-align: center;\">Agostinho Manuel Garcia Monteiro<br \/>Ana Luisa Dourado Pacheco<br \/>Mafalda Cristina Silva L. Rosa<br \/>Rui Edgar Ferreira Costa<\/p>\t\t\t\t\t\t\t\t<\/div>\n\t\t\t\t<\/div>\n\t\t<div class=\"elementor-element elementor-element-51f7174 e-con-full e-flex e-con e-child\" data-id=\"51f7174\" data-element_type=\"container\" data-e-type=\"container\">\n\t\t\t\t<div class=\"elementor-element elementor-element-08886cf elementor-widget elementor-widget-text-editor\" data-id=\"08886cf\" data-element_type=\"widget\" data-e-type=\"widget\" data-widget_type=\"text-editor.default\">\n\t\t\t\t\t\t\t\t\t<p style=\"text-align: center;\">Jo\u00e3o Jos\u00e9 Fernandes Garcia<br \/>H\u00e9lder Manuel M. F. Simas Bel\u00e9m<br \/>Zita Maria Castro Silva<\/p>\t\t\t\t\t\t\t\t<\/div>\n\t\t\t\t<\/div>\n\t\t\t\t\t<\/div>\n\t\t\t\t<\/div>\n\t\t\t\t<\/div>\n\t\t","protected":false},"excerpt":{"rendered":"<p>Dire\u00e7\u00e3o Nacional Carlos Ramalho Presidente Fernando Fernandes Vice-Presidente \u00c2ngela Gon\u00e7alves Secret\u00e1ria Lu\u00eds Brand\u00e3o Tesoureiro Vogais Ana Maria Silva MarquesM\u00e1rio Olimpio M\u00e1ximo MonteiroJos\u00e9 Jo\u00e3o Costa FragaTiago Andr\u00e9 Fernandes N. Tavares Agostinho Manuel Garcia MonteiroAna Luisa Dourado PachecoMafalda Cristina Silva L. RosaRui Edgar Ferreira Costa Jo\u00e3o Jos\u00e9 Fernandes GarciaH\u00e9lder Manuel M. F. Simas Bel\u00e9mZita Maria Castro Silva<\/p>\n","protected":false},"author":1,"featured_media":0,"parent":0,"menu_order":0,"comment_status":"closed","ping_status":"closed","template":"","meta":{"footnotes":""},"class_list":["post-494","page","type-page","status-publish","hentry"],"_links":{"self":[{"href":"https:\/\/sindepor.org\/index.php?rest_route=\/wp\/v2\/pages\/494","targetHints":{"allow":["GET"]}}],"collection":[{"href":"https:\/\/sindepor.org\/index.php?rest_route=\/wp\/v2\/pages"}],"about":[{"href":"https:\/\/sindepor.org\/index.php?rest_route=\/wp\/v2\/types\/page"}],"author":[{"embeddable":true,"href":"https:\/\/sindepor.org\/index.php?rest_route=\/wp\/v2\/users\/1"}],"replies":[{"embeddable":true,"href":"https:\/\/sindepor.org\/index.php?rest_route=%2Fwp%2Fv2%2Fcomments&post=494"}],"version-history":[{"count":34,"href":"https:\/\/sindepor.org\/index.php?rest_route=\/wp\/v2\/pages\/494\/revisions"}],"predecessor-version":[{"id":2074,"href":"https:\/\/sindepor.org\/index.php?rest_route=\/wp\/v2\/pages\/494\/revisions\/2074"}],"wp:attachment":[{"href":"https:\/\/sindepor.org\/index.php?rest_route=%2Fwp%2Fv2%2Fmedia&parent=494"}],"curies":[{"name":"wp","href":"https:\/\/api.w.org\/{rel}","templated":true}]}}