{"id":931,"date":"2026-03-09T22:56:00","date_gmt":"2026-03-09T22:56:00","guid":{"rendered":"https:\/\/sindepor.org\/?page_id=931"},"modified":"2026-03-09T22:59:25","modified_gmt":"2026-03-09T22:59:25","slug":"historico-de-mensagens-do-presidente","status":"publish","type":"page","link":"https:\/\/sindepor.org\/?page_id=931","title":{"rendered":"Hist\u00f3rico de mensagens do Presidente"},"content":{"rendered":"\t\t<div data-elementor-type=\"wp-page\" data-elementor-id=\"931\" class=\"elementor elementor-931\" data-elementor-post-type=\"page\">\n\t\t\t\t<div class=\"elementor-element elementor-element-502a8639 e-flex e-con-boxed e-con e-parent\" data-id=\"502a8639\" data-element_type=\"container\" data-e-type=\"container\">\n\t\t\t\t\t<div class=\"e-con-inner\">\n\t\t<div class=\"elementor-element elementor-element-e31c654 e-con-full e-flex e-con e-child\" data-id=\"e31c654\" data-element_type=\"container\" data-e-type=\"container\">\n\t\t\t\t<div class=\"elementor-element elementor-element-78e1cf5b elementor-widget elementor-widget-heading\" data-id=\"78e1cf5b\" data-element_type=\"widget\" data-e-type=\"widget\" data-widget_type=\"heading.default\">\n\t\t\t\t\t<h1 class=\"elementor-heading-title elementor-size-default\">O Sindicato\n<\/h1>\t\t\t\t<\/div>\n\t\t\t\t<div class=\"elementor-element elementor-element-3a87d754 elementor-widget elementor-widget-image\" data-id=\"3a87d754\" data-element_type=\"widget\" data-e-type=\"widget\" data-widget_type=\"image.default\">\n\t\t\t\t\t\t\t\t\t\t\t\t\t\t\t<img fetchpriority=\"high\" decoding=\"async\" width=\"271\" height=\"300\" src=\"https:\/\/sindepor.org\/wp-content\/uploads\/2026\/03\/1-Carlos-Manuel-Baliza-Ramalho-271x300-1.jpg\" class=\"attachment-large size-large wp-image-925\" alt=\"\" \/>\t\t\t\t\t\t\t\t\t\t\t\t\t\t\t<\/div>\n\t\t\t\t<div class=\"elementor-element elementor-element-1f3bda93 elementor-widget elementor-widget-text-editor\" data-id=\"1f3bda93\" data-element_type=\"widget\" data-e-type=\"widget\" data-widget_type=\"text-editor.default\">\n\t\t\t\t\t\t\t\t\t<p><strong><em>Caros colegas,<\/em><\/strong><\/p><p><em>Desde sempre a Humanidade compreendeu a import\u00e2ncia do trabalho como fator de progresso e desenvolvimento das sociedades. Com o tempo o trabalho foi-se especializando e adquirindo direitos para os trabalhadores. Tornou-se ele pr\u00f3prio um direito e os trabalhadores legitimamente ambicionam melhores condi\u00e7\u00f5es de trabalho e retribui\u00e7\u00e3o.<\/em><\/p><p><em>Aos trabalhadores \u00e9 exigido maior empenho e qualifica\u00e7\u00f5es, e em troca eles exigem as condi\u00e7\u00f5es que lhes permitam ter uma vida digna, compat\u00edvel com o que lhes \u00e9 exigido.<\/em><\/p><p><em>As vantagens da uni\u00e3o de esfor\u00e7os s\u00e3o evidentes. Trata-se de um des\u00edgnio que ultrapassa a pr\u00f3pria condi\u00e7\u00e3o humana. \u00c9 algo instintivo e frequentemente observ\u00e1vel na natureza dos seres vivos.<\/em><\/p><p><em>Assim cheg\u00e1mos ao sindicalismo. Por necessidade, os trabalhadores uniram-se e organizaram-se para conjuntamente se tornarem mais fortes e poderem influenciar o seu pr\u00f3prio destino.<\/em><\/p><p><em>N\u00e3o devemos desvalorizar o papel do sindicalismo, foi uma conquista da democracia, esse direito est\u00e1 na Constitui\u00e7\u00e3o Portuguesa. O sindicalismo \u00e9 um instrumento democr\u00e1tico e leg\u00edtimo na defesa do valor do trabalho e de quem o pratica.<\/em><\/p><p><em>Se estamos descontentes, n\u00e3o \u00e9 ao sindicalismo que deveremos pedir responsabilidades mas sim aos sindicatos e aos sindicalistas que o praticam. Se n\u00e3o gostamos dos resultados atingidos pelos atuais sindicatos, pois que se mudem os sindicatos, mas \u00e9 essencial que os trabalhadores lutem pelos seus direitos e aspira\u00e7\u00f5es.<\/em><\/p><p><em>Agora em rela\u00e7\u00e3o aos enfermeiros, tomam-nos por fracos e tratam-nos dessa forma e a verdade \u00e9 que tamb\u00e9m temos contribu\u00eddo para isso. Sejamos honestos, basta olhar para dentro e reconhecer que n\u00e3o temos conseguido estar unidos nem nas quest\u00f5es mais b\u00e1sicas. Quando nos unimos, conseguimos fazer a diferen\u00e7a, mas como sempre depois n\u00e3o conseguimos manter essa coes\u00e3o.<\/em><\/p><p><em>O SINDEPOR \u00e9 um sindicato de enfermeiros rec\u00e9m-formado e que foi criado com esse esp\u00edrito. Manter o sindicalismo vivo e ativo em proveito dos enfermeiros.<\/em><\/p><p><em>Admitimos que temos pouca experi\u00eancia sindical, mas essa condi\u00e7\u00e3o n\u00e3o tem sido preponderante. Basta olhar para os resultados at\u00e9 aqui obtidos.<\/em><\/p><p><em>Consideramos que a Greve \u00e9 uma arma poderosa, indispens\u00e1vel nas situa\u00e7\u00f5es em que se esgota a capacidade de di\u00e1logo e negocia\u00e7\u00e3o. Mas, quando mal utilizada, essa arma vira-se contra n\u00f3s, tornando-nos mais fr\u00e1geis e vulner\u00e1veis. Uma greve \u00e9 para todos os efeitos um esfor\u00e7o acrescido que se pede aos enfermeiros. S\u00f3 resulta se eles aderirem em for\u00e7a, e para que eles adiram \u00e9 necess\u00e1rio que percebam que vai valer a pena esse esfor\u00e7o. Temos que repensar as formas de luta, temos que inovar. Temos que procurar formas de manifestar o nosso descontentamento, minimizando os preju\u00edzos para os utentes e opini\u00e3o p\u00fablica que queremos ter do nosso lado.<\/em><\/p><p><em>O nosso sindicato est\u00e1 constitu\u00eddo. Acreditamos que \u00e9 poss\u00edvel estabelecer consensos, mesmo numa profiss\u00e3o onde foram criadas tantas diferencia\u00e7\u00f5es e desigualdades. Que isso seja um motivo para nos unirmos e n\u00e3o o contr\u00e1rio. Queremos estar ao lado da Ordem e das associa\u00e7\u00f5es e movimentos existentes numa luta comum pela dignifica\u00e7\u00e3o da profiss\u00e3o.<\/em><\/p><p><em>N\u00e3o nos constitu\u00edmos para combater as outras for\u00e7as sindicais existentes. Quando a Luta pela valoriza\u00e7\u00e3o profissional o impuser, saberemos estar do lado certo, sem agenda pol\u00edtica nem interesses ocultos. Saberemos adotar uma postura respons\u00e1vel.<\/em><\/p><p><em>Mas pretendemos ser uma alternativa, e neste momento, tudo o que pedimos \u00e9 que os enfermeiros se sindicalizem no SINDEPOR. Sabemos que todos est\u00e3o desmotivados. Sabemos que est\u00e3o desiludidos com os sindicatos existentes. Mas n\u00f3s estamos a come\u00e7ar e por isso reclamamos o direito ao benef\u00edcio da d\u00favida.<\/em><\/p><p><em>N\u00e3o vou aqui falar das nossas propostas, deixando isso para consulta no nosso site. Mas temos estado atentos \u00e0s propostas e coment\u00e1rios dos enfermeiros nas redes sociais. Podemos acrescentar que lemos atentamente as propostas da Ordem dos Enfermeiros e encontr\u00e1mos muitos pontos de converg\u00eancia.<\/em><\/p><p><em>\u00c9 preciso que as coisas mudem, o SINDEPOR pretende ser o protagonista desta mudan\u00e7a de paradigma. Com humildade, mas determina\u00e7\u00e3o, \u00e9 preciso agir.<\/em><\/p><p><em>Para finalizar, quero aqui deixar um desafio a todos os Enfermeiros. Juntem-se a n\u00f3s porque<\/em><\/p><p><strong><em>\u201cMudar, \u00e9 preciso\u201d.<\/em><\/strong><\/p><p><em>O Presidente da Dire\u00e7\u00e3o do SINDEPOR,<\/em><\/p><p><em>Carlos Ramalho<\/em><\/p>\t\t\t\t\t\t\t\t<\/div>\n\t\t\t\t<\/div>\n\t\t\t\t\t<\/div>\n\t\t\t\t<\/div>\n\t\t\t\t<\/div>\n\t\t","protected":false},"excerpt":{"rendered":"<p>O Sindicato Caros colegas, Desde sempre a Humanidade compreendeu a import\u00e2ncia do trabalho como fator de progresso e desenvolvimento das sociedades. Com o tempo o trabalho foi-se especializando e adquirindo direitos para os trabalhadores. Tornou-se ele pr\u00f3prio um direito e os trabalhadores legitimamente ambicionam melhores condi\u00e7\u00f5es de trabalho e retribui\u00e7\u00e3o. Aos trabalhadores \u00e9 exigido maior [&hellip;]<\/p>\n","protected":false},"author":1,"featured_media":0,"parent":0,"menu_order":0,"comment_status":"closed","ping_status":"closed","template":"","meta":{"footnotes":""},"class_list":["post-931","page","type-page","status-publish","hentry"],"_links":{"self":[{"href":"https:\/\/sindepor.org\/index.php?rest_route=\/wp\/v2\/pages\/931","targetHints":{"allow":["GET"]}}],"collection":[{"href":"https:\/\/sindepor.org\/index.php?rest_route=\/wp\/v2\/pages"}],"about":[{"href":"https:\/\/sindepor.org\/index.php?rest_route=\/wp\/v2\/types\/page"}],"author":[{"embeddable":true,"href":"https:\/\/sindepor.org\/index.php?rest_route=\/wp\/v2\/users\/1"}],"replies":[{"embeddable":true,"href":"https:\/\/sindepor.org\/index.php?rest_route=%2Fwp%2Fv2%2Fcomments&post=931"}],"version-history":[{"count":4,"href":"https:\/\/sindepor.org\/index.php?rest_route=\/wp\/v2\/pages\/931\/revisions"}],"predecessor-version":[{"id":936,"href":"https:\/\/sindepor.org\/index.php?rest_route=\/wp\/v2\/pages\/931\/revisions\/936"}],"wp:attachment":[{"href":"https:\/\/sindepor.org\/index.php?rest_route=%2Fwp%2Fv2%2Fmedia&parent=931"}],"curies":[{"name":"wp","href":"https:\/\/api.w.org\/{rel}","templated":true}]}}